{"id":3376,"date":"2024-10-11T15:43:18","date_gmt":"2024-10-11T12:43:18","guid":{"rendered":"https:\/\/betakazan.com\/?page_id=3376"},"modified":"2024-10-17T09:32:12","modified_gmt":"2024-10-17T06:32:12","slug":"company-policy","status":"publish","type":"page","link":"https:\/\/betakazan.com\/ar\/company-policy\/","title":{"rendered":"\u0633\u064a\u0627\u0633\u0627\u062a \u0627\u0644\u0634\u0631\u0643\u0629"},"content":{"rendered":"<div data-elementor-type=\"wp-page\" data-elementor-id=\"3376\" class=\"elementor elementor-3376\" data-elementor-post-type=\"page\">\n\t\t\t\t<div class=\"elementor-element elementor-element-f27ec61 e-con-full e-flex e-con e-parent\" data-id=\"f27ec61\" data-element_type=\"container\" data-settings=\"{&quot;background_background&quot;:&quot;classic&quot;}\" data-core-v316-plus=\"true\">\n\t\t\t\t<div class=\"elementor-element elementor-element-0d87776 elementor-widget elementor-widget-spacer\" data-id=\"0d87776\" data-element_type=\"widget\" data-widget_type=\"spacer.default\">\n\t\t\t\t<div class=\"elementor-widget-container\">\n\t\t\t<style>\/*! elementor - v3.20.0 - 10-04-2024 *\/\n.elementor-column .elementor-spacer-inner{height:var(--spacer-size)}.e-con{--container-widget-width:100%}.e-con-inner>.elementor-widget-spacer,.e-con>.elementor-widget-spacer{width:var(--container-widget-width,var(--spacer-size));--align-self:var(--container-widget-align-self,initial);--flex-shrink:0}.e-con-inner>.elementor-widget-spacer>.elementor-widget-container,.e-con>.elementor-widget-spacer>.elementor-widget-container{height:100%;width:100%}.e-con-inner>.elementor-widget-spacer>.elementor-widget-container>.elementor-spacer,.e-con>.elementor-widget-spacer>.elementor-widget-container>.elementor-spacer{height:100%}.e-con-inner>.elementor-widget-spacer>.elementor-widget-container>.elementor-spacer>.elementor-spacer-inner,.e-con>.elementor-widget-spacer>.elementor-widget-container>.elementor-spacer>.elementor-spacer-inner{height:var(--container-widget-height,var(--spacer-size))}.e-con-inner>.elementor-widget-spacer.elementor-widget-empty,.e-con>.elementor-widget-spacer.elementor-widget-empty{position:relative;min-height:22px;min-width:22px}.e-con-inner>.elementor-widget-spacer.elementor-widget-empty .elementor-widget-empty-icon,.e-con>.elementor-widget-spacer.elementor-widget-empty .elementor-widget-empty-icon{position:absolute;top:0;bottom:0;left:0;right:0;margin:auto;padding:0;width:22px;height:22px}<\/style>\t\t<div class=\"elementor-spacer\">\n\t\t\t<div class=\"elementor-spacer-inner\"><\/div>\n\t\t<\/div>\n\t\t\t\t<\/div>\n\t\t\t\t<\/div>\n\t\t\t\t<div class=\"elementor-element elementor-element-5fe869f elementor-widget elementor-widget-heading\" data-id=\"5fe869f\" data-element_type=\"widget\" data-widget_type=\"heading.default\">\n\t\t\t\t<div class=\"elementor-widget-container\">\n\t\t\t<style>\/*! elementor - v3.20.0 - 10-04-2024 *\/\n.elementor-heading-title{padding:0;margin:0;line-height:1}.elementor-widget-heading .elementor-heading-title[class*=elementor-size-]>a{color:inherit;font-size:inherit;line-height:inherit}.elementor-widget-heading .elementor-heading-title.elementor-size-small{font-size:15px}.elementor-widget-heading .elementor-heading-title.elementor-size-medium{font-size:19px}.elementor-widget-heading .elementor-heading-title.elementor-size-large{font-size:29px}.elementor-widget-heading .elementor-heading-title.elementor-size-xl{font-size:39px}.elementor-widget-heading .elementor-heading-title.elementor-size-xxl{font-size:59px}<\/style><h2 class=\"elementor-heading-title elementor-size-default\">\u0633\u064a\u0627\u0633\u0627\u062a \u0627\u0644\u0634\u0631\u0643\u0629<\/h2>\t\t<\/div>\n\t\t\t\t<\/div>\n\t\t\t\t<div class=\"elementor-element elementor-element-e46f3fc elementor-widget elementor-widget-breadcrumbs\" data-id=\"e46f3fc\" data-element_type=\"widget\" data-widget_type=\"breadcrumbs.default\">\n\t\t\t\t<div class=\"elementor-widget-container\">\n\t\t\t<link rel=\"stylesheet\" href=\"https:\/\/betakazan.com\/wp-content\/plugins\/elementor-pro\/assets\/css\/widget-theme-elements.min.css\"><p id=\"breadcrumbs\"><span><span><a href=\"https:\/\/betakazan.com\/ar\/\">\u0627\u0644\u0635\u0641\u062d\u0629 \u0627\u0644\u0631\u0626\u064a\u0633\u064a\u0629<\/a><\/span><\/span><\/p>\t\t<\/div>\n\t\t\t\t<\/div>\n\t\t\t\t<div class=\"elementor-element elementor-element-9d2153d elementor-widget elementor-widget-spacer\" data-id=\"9d2153d\" data-element_type=\"widget\" data-widget_type=\"spacer.default\">\n\t\t\t\t<div class=\"elementor-widget-container\">\n\t\t\t\t\t<div class=\"elementor-spacer\">\n\t\t\t<div class=\"elementor-spacer-inner\"><\/div>\n\t\t<\/div>\n\t\t\t\t<\/div>\n\t\t\t\t<\/div>\n\t\t\t\t<\/div>\n\t\t<div class=\"elementor-element elementor-element-3255f2f e-flex e-con-boxed e-con e-parent\" data-id=\"3255f2f\" data-element_type=\"container\" data-core-v316-plus=\"true\">\n\t\t\t\t\t<div class=\"e-con-inner\">\n\t\t\t\t<div class=\"elementor-element elementor-element-166f3e0 elementor-widget elementor-widget-spacer\" data-id=\"166f3e0\" data-element_type=\"widget\" data-widget_type=\"spacer.default\">\n\t\t\t\t<div class=\"elementor-widget-container\">\n\t\t\t\t\t<div class=\"elementor-spacer\">\n\t\t\t<div class=\"elementor-spacer-inner\"><\/div>\n\t\t<\/div>\n\t\t\t\t<\/div>\n\t\t\t\t<\/div>\n\t\t\t\t\t<\/div>\n\t\t\t\t<\/div>\n\t\t<div class=\"elementor-element elementor-element-71eae5c e-flex e-con-boxed e-con e-parent\" data-id=\"71eae5c\" data-element_type=\"container\" data-core-v316-plus=\"true\">\n\t\t\t\t\t<div class=\"e-con-inner\">\n\t\t\t\t<div class=\"elementor-element elementor-element-38d0681 elementor-widget__width-initial elementor-widget-tablet__width-inherit elementor-widget elementor-widget-text-editor\" data-id=\"38d0681\" data-element_type=\"widget\" data-widget_type=\"text-editor.default\">\n\t\t\t\t<div class=\"elementor-widget-container\">\n\t\t\t<style>\/*! elementor - v3.20.0 - 10-04-2024 *\/\n.elementor-widget-text-editor.elementor-drop-cap-view-stacked .elementor-drop-cap{background-color:#69727d;color:#fff}.elementor-widget-text-editor.elementor-drop-cap-view-framed .elementor-drop-cap{color:#69727d;border:3px solid;background-color:transparent}.elementor-widget-text-editor:not(.elementor-drop-cap-view-default) .elementor-drop-cap{margin-top:8px}.elementor-widget-text-editor:not(.elementor-drop-cap-view-default) .elementor-drop-cap-letter{width:1em;height:1em}.elementor-widget-text-editor .elementor-drop-cap{float:left;text-align:center;line-height:1;font-size:50px}.elementor-widget-text-editor .elementor-drop-cap-letter{display:inline-block}<\/style>\t\t\t\t<div id=\"areas\" class=\"ic-sayfa\"><div class=\"container\"><div class=\"section-desc\"><p>\u0647\u062f\u0641\u0646\u0627 \u0647\u0648 \u062a\u0642\u062f\u064a\u0645 \u0645\u0646\u062a\u062c\u0627\u062a \u062a\u062a\u0645\u0627\u0634\u0649 \u0645\u0639 \u0627\u062d\u062a\u064a\u0627\u062c\u0627\u062a \u0648\u062a\u0648\u0642\u0639\u0627\u062a \u0639\u0645\u0644\u0627\u0626\u0646\u0627\u060c \u0645\u0639 \u0636\u0645\u0627\u0646 \u0627\u0644\u062a\u0633\u0644\u064a\u0645 \u0641\u064a \u0627\u0644\u0648\u0642\u062a \u0627\u0644\u0645\u062d\u062f\u062f. \u0646\u062d\u0646 \u0645\u0644\u062a\u0632\u0645\u0648\u0646 \u0628\u062a\u062d\u0642\u064a\u0642 \u0631\u0636\u0627 \u0627\u0644\u0639\u0645\u0644\u0627\u0621 \u0648\u0627\u0644\u062d\u0641\u0627\u0638 \u0639\u0644\u0649 \u062c\u0648\u062f\u0629. \u0641\u064a \u062c\u0645\u064a\u0639 \u0627\u0644\u0645\u0634\u0627\u0631\u064a\u0639 \u0627\u0644\u062d\u0627\u0644\u064a\u0629 \u0648\u0627\u0644\u0645\u0633\u062a\u0642\u0628\u0644\u064a\u0629\u060c \u0646\u0648\u0644\u064a \u0623\u0648\u0644\u0648\u064a\u0629 \u0644\u062d\u0645\u0627\u064a\u0629 \u0627\u0644\u0628\u064a\u0626\u0629 \u0645\u0646 \u062e\u0644\u0627\u0644 \u0639\u0632\u0644 \u0645\u0646\u0627\u0637\u0642 \u0627\u0644\u0639\u0645\u0644 \u0644\u062a\u062c\u0646\u0628 \u0623\u064a \u0636\u0631\u0631 \u0645\u062d\u062a\u0645\u0644\u060c \u0648\u062a\u0642\u0644\u064a\u0644 \u0627\u0644\u062a\u0623\u062b\u064a\u0631 \u0627\u0644\u0628\u064a\u0626\u064a\u060c \u0648\u062a\u0639\u0632\u064a\u0632 \u0627\u0644\u062d\u0641\u0627\u0638 \u0639\u0644\u0649 \u0627\u0644\u0645\u0648\u0627\u0631\u062f \u0648\u0625\u0639\u0627\u062f\u0629 \u0627\u0644\u062a\u062f\u0648\u064a\u0631 \u062a\u0628\u0639\u0627 \u0644\u0644\u0648\u0639\u064a \u0627\u0644\u0628\u064a\u0626\u064a \u0627\u0644\u0639\u0627\u0645.<\/p><p>\u00a0<\/p><p>\u062a\u0639\u062a\u0628\u0631 \u0627\u0644\u0633\u0644\u0627\u0645\u0629 \u0627\u0644\u0645\u0647\u0646\u064a\u0629 \u0648\u0635\u062d\u0629 \u0627\u0644\u0645\u0648\u0638\u0641\u064a\u0646 \u0623\u0648\u0644\u0648\u064a\u0627\u062a\u0646\u0627 \u0627\u0644\u0642\u0635\u0648\u0649. \u0625\u0630 \u0646\u0637\u0628\u0642 \u062a\u062f\u0627\u0628\u064a\u0631 \u0648\u0642\u0627\u0626\u064a\u0629 \u0644\u062a\u062c\u0646\u0628 \u0627\u0644\u062d\u0648\u0627\u062f\u062b \u0641\u064a \u0645\u0643\u0627\u0646 \u0627\u0644\u0639\u0645\u0644 \u0648\u0625\u0632\u0627\u0644\u0629 \u0627\u0644\u0645\u062e\u0627\u0637\u0631 \u0627\u0644\u0645\u062d\u062a\u0645\u0644\u0629\u060c \u0645\u0645\u0627 \u064a\u0636\u0645\u0646 \u0628\u064a\u0626\u0629 \u0639\u0645\u0644 \u0622\u0645\u0646\u0629 \u0644\u0645\u0648\u0638\u0641\u064a\u0646\u0627\u060c \u0627\u0644\u0639\u0627\u0645\u0644\u064a\u0646 \u0648\u0627\u0644\u0632\u0648\u0627\u0631.<\/p><p>\u00a0<\/p><p>\u0646\u0631\u0643\u0632 \u0639\u0644\u0649 \u062a\u0639\u0632\u064a\u0632 \u0627\u0644\u0643\u0641\u0627\u0621\u0629 \u0645\u0646 \u062e\u0644\u0627\u0644 \u062a\u062f\u0631\u064a\u0628 \u0645\u0648\u0638\u0641\u064a\u0646\u0627\u060c \u0648\u062a\u0642\u0644\u064a\u0644 \u0627\u0644\u062a\u0643\u0627\u0644\u064a\u0641\u060c \u0648\u062a\u0639\u0632\u064a\u0632 \u0627\u0644\u0648\u0639\u064a \u0627\u0644\u0628\u064a\u0626\u064a \u0628\u064a\u0646 \u062c\u0645\u064a\u0639 \u0623\u0639\u0636\u0627\u0621 \u0627\u0644\u0641\u0631\u064a\u0642.<\/p><p>\u00a0<\/p><p>\u062a\u0634\u0645\u0644 \u0623\u0647\u062f\u0627\u0641\u0646\u0627 \u0627\u0644\u0623\u0633\u0627\u0633\u064a\u0629 \u062a\u062d\u062f\u064a\u062f \u0648\u062a\u062d\u0642\u064a\u0642 \u0645\u062a\u0637\u0644\u0628\u0627\u062a \u0627\u0644\u062c\u0648\u062f\u0629 \u0648\u0627\u0644\u0628\u064a\u0626\u0629 \u0648\u0627\u0644\u0633\u0644\u0627\u0645\u0629 \u0648\u0627\u0644\u0635\u062d\u0629 \u0627\u0644\u0645\u0647\u0646\u064a\u0629\u060c \u0648\u0625\u062f\u0627\u0631\u0629 \u0639\u0645\u0644\u064a\u0627\u062a\u0646\u0627 \u0648\u0641\u0642\u064b\u0627 \u0644\u0630\u0644\u0643. \u0646\u062d\u0646 \u0646\u0644\u062a\u0632\u0645 \u0628\u0627\u0644\u0644\u0648\u0627\u0626\u062d \u0627\u0644\u0628\u064a\u0626\u064a\u0629 \u0648\u0627\u0644\u0645\u062a\u0637\u0644\u0628\u0627\u062a \u0627\u0644\u0625\u062f\u0627\u0631\u064a\u0629 \u0648\u0627\u0644\u0645\u0639\u0627\u064a\u064a\u0631 \u0627\u0644\u0635\u0646\u0627\u0639\u064a\u0629\u060c \u0648\u0646\u0636\u0645\u0646 \u0627\u0644\u0627\u0633\u062a\u062e\u062f\u0627\u0645 \u0627\u0644\u0641\u0639\u0627\u0644 \u0644\u0644\u0645\u0648\u0627\u0631\u062f \u0627\u0644\u0637\u0628\u064a\u0639\u064a\u0629\u060c \u0648\u0646\u0639\u0645\u0644 \u0639\u0644\u0649 \u062d\u0645\u0627\u064a\u0629 \u0627\u0644\u0628\u064a\u0626\u0629 \u0645\u0639 \u0625\u0636\u0627\u0641\u0629 \u0627\u0644\u062a\u063a\u064a\u064a\u0631 \u0625\u064a\u062c\u0627\u0628\u064a\u0629.<\/p><p>\u00a0<\/p><p>\u0646\u0633\u0639\u0649 \u0644\u0623\u0646 \u0646\u0643\u0648\u0646 \u0634\u0631\u0643\u0629 \u062a\u0631\u0643\u064a\u0629 \u0645\u0648\u062b\u0648\u0642\u0629 \u062a\u0644\u0628\u064a \u0627\u062d\u062a\u064a\u0627\u062c\u0627\u062a \u0627\u0644\u0639\u0645\u0644\u0627\u0621 \u0627\u0644\u0645\u062a\u0646\u0648\u0639\u0629\u060c \u062a\u062d\u0627\u0641\u0638 \u0639\u0644\u0649 \u0645\u0639\u0627\u064a\u064a\u0631 \u0627\u0644\u062c\u0648\u062f\u0629 \u0627\u0644\u0639\u0627\u0644\u064a\u0629\u060c \u062a\u062a\u0635\u062f\u0631 \u0627\u0644\u0642\u0637\u0627\u0639\u060c \u062a\u0648\u0627\u0643\u0628 \u0627\u0644\u062a\u0637\u0648\u0631\u0627\u062a \u0627\u0644\u062a\u0643\u0646\u0648\u0644\u0648\u062c\u064a\u0629\u060c \u062a\u0642\u062f\u0631 \u0627\u0644\u0646\u0632\u0627\u0647\u0629 \u0648\u062e\u062f\u0645\u0629 \u0645\u0627 \u0628\u0639\u062f \u0627\u0644\u0628\u064a\u0639\u060c \u062a\u062e\u0637\u0637 \u0628\u0634\u0643\u0644 \u0641\u0639\u0627\u0644\u060c \u0648\u062a\u0637\u0628\u0642 \u0646\u0638\u0627\u0645 \u0625\u0646\u062a\u0627\u062c \u0633\u0631\u064a\u0639. \u0646\u062d\u0646 \u0645\u0644\u062a\u0632\u0645\u0648\u0646 \u0628\u0627\u0644\u062a\u0637\u0648\u064a\u0631 \u0627\u0644\u0645\u0633\u062a\u0645\u0631 \u0648\u0627\u0644\u0627\u0646\u0641\u062a\u0627\u062d \u0639\u0644\u0649 \u0627\u0644\u062a\u0637\u0648\u0631\u0627\u062a \u0627\u0644\u062e\u0627\u0631\u062c\u064a\u0629.<\/p><\/div><\/div><\/div>\t\t\t\t\t\t<\/div>\n\t\t\t\t<\/div>\n\t\t\t\t\t<\/div>\n\t\t\t\t<\/div>\n\t\t\t\t<section class=\"elementor-section elementor-top-section elementor-element elementor-element-61a94262 elementor-section-boxed elementor-section-height-default elementor-section-height-default\" data-id=\"61a94262\" data-element_type=\"section\" data-settings=\"{&quot;background_background&quot;:&quot;classic&quot;}\">\n\t\t\t\t\t\t\t<div class=\"elementor-background-overlay\"><\/div>\n\t\t\t\t\t\t\t<div class=\"elementor-container elementor-column-gap-no\">\n\t\t\t\t\t<div class=\"elementor-column elementor-col-100 elementor-top-column elementor-element elementor-element-13839d02\" data-id=\"13839d02\" data-element_type=\"column\">\n\t\t\t<div class=\"elementor-widget-wrap\">\n\t\t\t\t\t\t\t<\/div>\n\t\t<\/div>\n\t\t\t\t\t<\/div>\n\t\t<\/section>\n\t\t\t\t<\/div>","protected":false},"excerpt":{"rendered":"<p>Entegre Politikam\u0131z M\u00fc\u015fterilerimizin ihtiya\u00e7 ve beklentilerine uygun \u00fcr\u00fcnleri sunmak ve zaman\u0131nda teslim etmek. M\u00fc\u015fteri memnuniyetini ve kalitede s\u00fcreklili\u011fi sa\u011flamak. Ger\u00e7ekle\u015ftirdi\u011fimiz ve ger\u00e7ekle\u015ftirece\u011fimiz t\u00fcm projelerin sahadaki imalatlar\u0131nda ve idari birimlerde; \u00e7evrenin izolasyonunun sa\u011flanarak verilebilecek t\u00fcm zararlar\u0131n engellenmesi, \u00e7evre kirlili\u011fini kendi \u00fcst\u00fcm\u00fcze d\u00fc\u015fen \u00f6l\u00e7\u00fcde azaltmak, \u00e7evre bilincinde hareket ederek do\u011fal kaynaklar\u0131n muhafazas\u0131 ve maksimum geri d\u00f6n\u00fc\u015ft\u00fcr\u00fclebilirlik i\u00e7in &hellip; <br \/><a href=\"https:\/\/betakazan.com\/ar\/company-policy\/\" class=\"more-link\">Continue reading <span class=\"screen-reader-text\">\u0633\u064a\u0627\u0633\u0627\u062a \u0627\u0644\u0634\u0631\u0643\u0629<\/span><\/a><\/p>","protected":false},"author":1,"featured_media":0,"parent":0,"menu_order":0,"comment_status":"closed","ping_status":"closed","template":"elementor_canvas","meta":{"_joinchat":[],"footnotes":""},"class_list":["post-3376","page","type-page","status-publish","hentry"],"yoast_head":"<!-- This site is optimized with the Yoast SEO plugin v23.3 - https:\/\/yoast.com\/wordpress\/plugins\/seo\/ -->\n<title>Entegre Politikam\u0131z - BETA KAZAN<\/title>\n<meta name=\"robots\" content=\"index, follow, max-snippet:-1, max-image-preview:large, max-video-preview:-1\" \/>\n<link rel=\"canonical\" href=\"https:\/\/betakazan.com\/ar\/company-policy\/\" \/>\n<meta property=\"og:locale\" content=\"ar_AR\" \/>\n<meta property=\"og:type\" content=\"article\" \/>\n<meta property=\"og:title\" content=\"Entegre Politikam\u0131z - BETA KAZAN\" \/>\n<meta property=\"og:description\" content=\"Entegre Politikam\u0131z M\u00fc\u015fterilerimizin ihtiya\u00e7 ve beklentilerine uygun \u00fcr\u00fcnleri sunmak ve zaman\u0131nda teslim etmek. M\u00fc\u015fteri memnuniyetini ve kalitede s\u00fcreklili\u011fi sa\u011flamak. Ger\u00e7ekle\u015ftirdi\u011fimiz ve ger\u00e7ekle\u015ftirece\u011fimiz t\u00fcm projelerin sahadaki imalatlar\u0131nda ve idari birimlerde; \u00e7evrenin izolasyonunun sa\u011flanarak verilebilecek t\u00fcm zararlar\u0131n engellenmesi, \u00e7evre kirlili\u011fini kendi \u00fcst\u00fcm\u00fcze d\u00fc\u015fen \u00f6l\u00e7\u00fcde azaltmak, \u00e7evre bilincinde hareket ederek do\u011fal kaynaklar\u0131n muhafazas\u0131 ve maksimum geri d\u00f6n\u00fc\u015ft\u00fcr\u00fclebilirlik i\u00e7in &hellip; Continue reading Entegre Politikam\u0131z\" \/>\n<meta property=\"og:url\" content=\"https:\/\/betakazan.com\/ar\/company-policy\/\" \/>\n<meta property=\"og:site_name\" content=\"BETA KAZAN\" \/>\n<meta property=\"article:modified_time\" content=\"2024-10-17T06:32:12+00:00\" \/>\n<meta name=\"twitter:card\" content=\"summary_large_image\" \/>\n<meta name=\"twitter:label1\" content=\"\u0648\u0642\u062a \u0627\u0644\u0642\u0631\u0627\u0621\u0629 \u0627\u0644\u0645\u064f\u0642\u062f\u0651\u0631\" \/>\n\t<meta name=\"twitter:data1\" content=\"\u062f\u0642\u064a\u0642\u062a\u0627\u0646\" \/>\n<script type=\"application\/ld+json\" class=\"yoast-schema-graph\">{\"@context\":\"https:\/\/schema.org\",\"@graph\":[{\"@type\":\"WebPage\",\"@id\":\"https:\/\/betakazan.com\/company-policy\/\",\"url\":\"https:\/\/betakazan.com\/company-policy\/\",\"name\":\"Entegre Politikam\u0131z - BETA KAZAN\",\"isPartOf\":{\"@id\":\"https:\/\/betakazan.com\/#website\"},\"datePublished\":\"2024-10-11T12:43:18+00:00\",\"dateModified\":\"2024-10-17T06:32:12+00:00\",\"breadcrumb\":{\"@id\":\"https:\/\/betakazan.com\/company-policy\/#breadcrumb\"},\"inLanguage\":\"ar\",\"potentialAction\":[{\"@type\":\"ReadAction\",\"target\":[\"https:\/\/betakazan.com\/company-policy\/\"]}]},{\"@type\":\"BreadcrumbList\",\"@id\":\"https:\/\/betakazan.com\/company-policy\/#breadcrumb\",\"itemListElement\":[{\"@type\":\"ListItem\",\"position\":1,\"name\":\"Anasayfa\",\"item\":\"https:\/\/betakazan.com\/\"},{\"@type\":\"ListItem\",\"position\":2,\"name\":\"Entegre Politikam\u0131z\"}]},{\"@type\":\"WebSite\",\"@id\":\"https:\/\/betakazan.com\/#website\",\"url\":\"https:\/\/betakazan.com\/\",\"name\":\"BETA KAZAN\",\"description\":\"\",\"potentialAction\":[{\"@type\":\"SearchAction\",\"target\":{\"@type\":\"EntryPoint\",\"urlTemplate\":\"https:\/\/betakazan.com\/?s={search_term_string}\"},\"query-input\":\"required name=search_term_string\"}],\"inLanguage\":\"ar\"}]}<\/script>\n<!-- \/ Yoast SEO plugin. -->","yoast_head_json":{"title":"Entegre Politikam\u0131z - BETA KAZAN","robots":{"index":"index","follow":"follow","max-snippet":"max-snippet:-1","max-image-preview":"max-image-preview:large","max-video-preview":"max-video-preview:-1"},"canonical":"https:\/\/betakazan.com\/ar\/company-policy\/","og_locale":"ar_AR","og_type":"article","og_title":"Entegre Politikam\u0131z - BETA KAZAN","og_description":"Entegre Politikam\u0131z M\u00fc\u015fterilerimizin ihtiya\u00e7 ve beklentilerine uygun \u00fcr\u00fcnleri sunmak ve zaman\u0131nda teslim etmek. M\u00fc\u015fteri memnuniyetini ve kalitede s\u00fcreklili\u011fi sa\u011flamak. Ger\u00e7ekle\u015ftirdi\u011fimiz ve ger\u00e7ekle\u015ftirece\u011fimiz t\u00fcm projelerin sahadaki imalatlar\u0131nda ve idari birimlerde; \u00e7evrenin izolasyonunun sa\u011flanarak verilebilecek t\u00fcm zararlar\u0131n engellenmesi, \u00e7evre kirlili\u011fini kendi \u00fcst\u00fcm\u00fcze d\u00fc\u015fen \u00f6l\u00e7\u00fcde azaltmak, \u00e7evre bilincinde hareket ederek do\u011fal kaynaklar\u0131n muhafazas\u0131 ve maksimum geri d\u00f6n\u00fc\u015ft\u00fcr\u00fclebilirlik i\u00e7in &hellip; Continue reading Entegre Politikam\u0131z","og_url":"https:\/\/betakazan.com\/ar\/company-policy\/","og_site_name":"BETA KAZAN","article_modified_time":"2024-10-17T06:32:12+00:00","twitter_card":"summary_large_image","twitter_misc":{"\u0648\u0642\u062a \u0627\u0644\u0642\u0631\u0627\u0621\u0629 \u0627\u0644\u0645\u064f\u0642\u062f\u0651\u0631":"\u062f\u0642\u064a\u0642\u062a\u0627\u0646"},"schema":{"@context":"https:\/\/schema.org","@graph":[{"@type":"WebPage","@id":"https:\/\/betakazan.com\/company-policy\/","url":"https:\/\/betakazan.com\/company-policy\/","name":"Entegre Politikam\u0131z - BETA KAZAN","isPartOf":{"@id":"https:\/\/betakazan.com\/#website"},"datePublished":"2024-10-11T12:43:18+00:00","dateModified":"2024-10-17T06:32:12+00:00","breadcrumb":{"@id":"https:\/\/betakazan.com\/company-policy\/#breadcrumb"},"inLanguage":"ar","potentialAction":[{"@type":"ReadAction","target":["https:\/\/betakazan.com\/company-policy\/"]}]},{"@type":"BreadcrumbList","@id":"https:\/\/betakazan.com\/company-policy\/#breadcrumb","itemListElement":[{"@type":"ListItem","position":1,"name":"Anasayfa","item":"https:\/\/betakazan.com\/"},{"@type":"ListItem","position":2,"name":"Entegre Politikam\u0131z"}]},{"@type":"WebSite","@id":"https:\/\/betakazan.com\/#website","url":"https:\/\/betakazan.com\/","name":"BETA KAZAN","description":"","potentialAction":[{"@type":"SearchAction","target":{"@type":"EntryPoint","urlTemplate":"https:\/\/betakazan.com\/?s={search_term_string}"},"query-input":"required name=search_term_string"}],"inLanguage":"ar"}]}},"_links":{"self":[{"href":"https:\/\/betakazan.com\/ar\/wp-json\/wp\/v2\/pages\/3376","targetHints":{"allow":["GET"]}}],"collection":[{"href":"https:\/\/betakazan.com\/ar\/wp-json\/wp\/v2\/pages"}],"about":[{"href":"https:\/\/betakazan.com\/ar\/wp-json\/wp\/v2\/types\/page"}],"author":[{"embeddable":true,"href":"https:\/\/betakazan.com\/ar\/wp-json\/wp\/v2\/users\/1"}],"replies":[{"embeddable":true,"href":"https:\/\/betakazan.com\/ar\/wp-json\/wp\/v2\/comments?post=3376"}],"version-history":[{"count":16,"href":"https:\/\/betakazan.com\/ar\/wp-json\/wp\/v2\/pages\/3376\/revisions"}],"predecessor-version":[{"id":4140,"href":"https:\/\/betakazan.com\/ar\/wp-json\/wp\/v2\/pages\/3376\/revisions\/4140"}],"wp:attachment":[{"href":"https:\/\/betakazan.com\/ar\/wp-json\/wp\/v2\/media?parent=3376"}],"curies":[{"name":"wp","href":"https:\/\/api.w.org\/{rel}","templated":true}]}}