{"id":3376,"date":"2024-10-11T15:43:18","date_gmt":"2024-10-11T12:43:18","guid":{"rendered":"https:\/\/betakazan.com\/?page_id=3376"},"modified":"2024-10-17T09:32:12","modified_gmt":"2024-10-17T06:32:12","slug":"company-policy","status":"publish","type":"page","link":"https:\/\/betakazan.com\/en\/company-policy\/","title":{"rendered":"Company Policy"},"content":{"rendered":"<div data-elementor-type=\"wp-page\" data-elementor-id=\"3376\" class=\"elementor elementor-3376\" data-elementor-post-type=\"page\">\n\t\t\t\t<div class=\"elementor-element elementor-element-f27ec61 e-con-full e-flex e-con e-parent\" data-id=\"f27ec61\" data-element_type=\"container\" data-settings=\"{&quot;background_background&quot;:&quot;classic&quot;}\" data-core-v316-plus=\"true\">\n\t\t\t\t<div class=\"elementor-element elementor-element-0d87776 elementor-widget elementor-widget-spacer\" data-id=\"0d87776\" data-element_type=\"widget\" data-widget_type=\"spacer.default\">\n\t\t\t\t<div class=\"elementor-widget-container\">\n\t\t\t<style>\/*! elementor - v3.20.0 - 10-04-2024 *\/\n.elementor-column .elementor-spacer-inner{height:var(--spacer-size)}.e-con{--container-widget-width:100%}.e-con-inner>.elementor-widget-spacer,.e-con>.elementor-widget-spacer{width:var(--container-widget-width,var(--spacer-size));--align-self:var(--container-widget-align-self,initial);--flex-shrink:0}.e-con-inner>.elementor-widget-spacer>.elementor-widget-container,.e-con>.elementor-widget-spacer>.elementor-widget-container{height:100%;width:100%}.e-con-inner>.elementor-widget-spacer>.elementor-widget-container>.elementor-spacer,.e-con>.elementor-widget-spacer>.elementor-widget-container>.elementor-spacer{height:100%}.e-con-inner>.elementor-widget-spacer>.elementor-widget-container>.elementor-spacer>.elementor-spacer-inner,.e-con>.elementor-widget-spacer>.elementor-widget-container>.elementor-spacer>.elementor-spacer-inner{height:var(--container-widget-height,var(--spacer-size))}.e-con-inner>.elementor-widget-spacer.elementor-widget-empty,.e-con>.elementor-widget-spacer.elementor-widget-empty{position:relative;min-height:22px;min-width:22px}.e-con-inner>.elementor-widget-spacer.elementor-widget-empty .elementor-widget-empty-icon,.e-con>.elementor-widget-spacer.elementor-widget-empty .elementor-widget-empty-icon{position:absolute;top:0;bottom:0;left:0;right:0;margin:auto;padding:0;width:22px;height:22px}<\/style>\t\t<div class=\"elementor-spacer\">\n\t\t\t<div class=\"elementor-spacer-inner\"><\/div>\n\t\t<\/div>\n\t\t\t\t<\/div>\n\t\t\t\t<\/div>\n\t\t\t\t<div class=\"elementor-element elementor-element-5fe869f elementor-widget elementor-widget-heading\" data-id=\"5fe869f\" data-element_type=\"widget\" data-widget_type=\"heading.default\">\n\t\t\t\t<div class=\"elementor-widget-container\">\n\t\t\t<style>\/*! elementor - v3.20.0 - 10-04-2024 *\/\n.elementor-heading-title{padding:0;margin:0;line-height:1}.elementor-widget-heading .elementor-heading-title[class*=elementor-size-]>a{color:inherit;font-size:inherit;line-height:inherit}.elementor-widget-heading .elementor-heading-title.elementor-size-small{font-size:15px}.elementor-widget-heading .elementor-heading-title.elementor-size-medium{font-size:19px}.elementor-widget-heading .elementor-heading-title.elementor-size-large{font-size:29px}.elementor-widget-heading .elementor-heading-title.elementor-size-xl{font-size:39px}.elementor-widget-heading .elementor-heading-title.elementor-size-xxl{font-size:59px}<\/style><h2 class=\"elementor-heading-title elementor-size-default\">Company Policy<\/h2>\t\t<\/div>\n\t\t\t\t<\/div>\n\t\t\t\t<div class=\"elementor-element elementor-element-e46f3fc elementor-widget elementor-widget-breadcrumbs\" data-id=\"e46f3fc\" data-element_type=\"widget\" data-widget_type=\"breadcrumbs.default\">\n\t\t\t\t<div class=\"elementor-widget-container\">\n\t\t\t<link rel=\"stylesheet\" href=\"https:\/\/betakazan.com\/wp-content\/plugins\/elementor-pro\/assets\/css\/widget-theme-elements.min.css\"><p id=\"breadcrumbs\"><span><span><a href=\"https:\/\/betakazan.com\/en\/\">Home Page<\/a><\/span><\/span><\/p>\t\t<\/div>\n\t\t\t\t<\/div>\n\t\t\t\t<div class=\"elementor-element elementor-element-9d2153d elementor-widget elementor-widget-spacer\" data-id=\"9d2153d\" data-element_type=\"widget\" data-widget_type=\"spacer.default\">\n\t\t\t\t<div class=\"elementor-widget-container\">\n\t\t\t\t\t<div class=\"elementor-spacer\">\n\t\t\t<div class=\"elementor-spacer-inner\"><\/div>\n\t\t<\/div>\n\t\t\t\t<\/div>\n\t\t\t\t<\/div>\n\t\t\t\t<\/div>\n\t\t<div class=\"elementor-element elementor-element-3255f2f e-flex e-con-boxed e-con e-parent\" data-id=\"3255f2f\" data-element_type=\"container\" data-core-v316-plus=\"true\">\n\t\t\t\t\t<div class=\"e-con-inner\">\n\t\t\t\t<div class=\"elementor-element elementor-element-166f3e0 elementor-widget elementor-widget-spacer\" data-id=\"166f3e0\" data-element_type=\"widget\" data-widget_type=\"spacer.default\">\n\t\t\t\t<div class=\"elementor-widget-container\">\n\t\t\t\t\t<div class=\"elementor-spacer\">\n\t\t\t<div class=\"elementor-spacer-inner\"><\/div>\n\t\t<\/div>\n\t\t\t\t<\/div>\n\t\t\t\t<\/div>\n\t\t\t\t\t<\/div>\n\t\t\t\t<\/div>\n\t\t<div class=\"elementor-element elementor-element-71eae5c e-flex e-con-boxed e-con e-parent\" data-id=\"71eae5c\" data-element_type=\"container\" data-core-v316-plus=\"true\">\n\t\t\t\t\t<div class=\"e-con-inner\">\n\t\t\t\t<div class=\"elementor-element elementor-element-38d0681 elementor-widget__width-initial elementor-widget-tablet__width-inherit elementor-widget elementor-widget-text-editor\" data-id=\"38d0681\" data-element_type=\"widget\" data-widget_type=\"text-editor.default\">\n\t\t\t\t<div class=\"elementor-widget-container\">\n\t\t\t<style>\/*! elementor - v3.20.0 - 10-04-2024 *\/\n.elementor-widget-text-editor.elementor-drop-cap-view-stacked .elementor-drop-cap{background-color:#69727d;color:#fff}.elementor-widget-text-editor.elementor-drop-cap-view-framed .elementor-drop-cap{color:#69727d;border:3px solid;background-color:transparent}.elementor-widget-text-editor:not(.elementor-drop-cap-view-default) .elementor-drop-cap{margin-top:8px}.elementor-widget-text-editor:not(.elementor-drop-cap-view-default) .elementor-drop-cap-letter{width:1em;height:1em}.elementor-widget-text-editor .elementor-drop-cap{float:left;text-align:center;line-height:1;font-size:50px}.elementor-widget-text-editor .elementor-drop-cap-letter{display:inline-block}<\/style>\t\t\t\t<div id=\"areas\" class=\"ic-sayfa\"><div class=\"container\"><div class=\"section-desc\"><p>To offer products that meet the needs and expectations of our customers and ensure on-time delivery. To ensure customer satisfaction and continuity in quality. In all the projects we have completed and will complete, both in on-site production and administrative units, we aim to prevent any potential environmental damage by ensuring environmental isolation, reduce pollution to the extent of our responsibilities, act with environmental awareness, and strive for the conservation of natural resources and maximum recyclability.<\/p><p>\u00a0<\/p><p>Workplace safety and the health of our employees are our top priorities. In all our projects, the goal is to eliminate potential hazards, create a safe working environment, and take preventive measures against workplace accidents. Our policy is founded on ensuring that our own employees, subcontractors, and visitors can continue their activities in a secure environment.<\/p><p>\u00a0<\/p><p>Mevcut personeli\u00a0e\u011fiterek verimi art\u0131rmak, maliyetleri d\u00fc\u015f\u00fcrmek ve \u00e7evre duyarl\u0131l\u0131\u011f\u0131n\u0131 t\u00fcm \u00e7al\u0131\u015fanlara yaymakt\u0131r.<\/p><p>\u00a0<\/p><p>Our company\u2019s fundamental objectives are to set \u2018Quality, Environmental, and OHS targets\u2019 and to conduct our business processes in line with these goals, comply with legal regulations, administrative arrangements, and industry obligations, ensure the efficient use of natural resources, protect the environment, and contribute positive values to it.<\/p><p>\u00a0<\/p><p>Politikam\u0131z gere\u011fi; her t\u00fcrl\u00fc m\u00fc\u015fteri talebini kar\u015f\u0131layabilen, g\u00fcvenilir ve s\u00fcrekli olan, kaliteden \u00f6d\u00fcn vermeyen, b\u00fcnyemizde \u00e7al\u0131\u015fan ki\u015filerin dan\u0131\u015fma ve kat\u0131l\u0131m\u0131n\u0131 sa\u011flay\u0131p yeni g\u00f6r\u00fc\u015flere \u00f6nem veren, sekt\u00f6rde \u00f6nc\u00fc olan, geli\u015fen teknolojiyi yak\u0131ndan takip eden, d\u00fcr\u00fcstl\u00fc\u011fe ve\u00a0sat\u0131\u015f sonras\u0131 hizmeti \u00f6nemseyen, zaman\u0131 iyi planlay\u0131p kaliteyi \u00f6n planda tutarak h\u0131zl\u0131 bir \u00fcretim sistemi uygulayan, d\u0131\u015fa a\u00e7\u0131k, s\u00fcrekli geli\u015fen bir T\u00fcrk firmas\u0131 olmakt\u0131r.<\/p><\/div><\/div><\/div>\t\t\t\t\t\t<\/div>\n\t\t\t\t<\/div>\n\t\t\t\t\t<\/div>\n\t\t\t\t<\/div>\n\t\t\t\t<section class=\"elementor-section elementor-top-section elementor-element elementor-element-61a94262 elementor-section-boxed elementor-section-height-default elementor-section-height-default\" data-id=\"61a94262\" data-element_type=\"section\" data-settings=\"{&quot;background_background&quot;:&quot;classic&quot;}\">\n\t\t\t\t\t\t\t<div class=\"elementor-background-overlay\"><\/div>\n\t\t\t\t\t\t\t<div class=\"elementor-container elementor-column-gap-no\">\n\t\t\t\t\t<div class=\"elementor-column elementor-col-100 elementor-top-column elementor-element elementor-element-13839d02\" data-id=\"13839d02\" data-element_type=\"column\">\n\t\t\t<div class=\"elementor-widget-wrap\">\n\t\t\t\t\t\t\t<\/div>\n\t\t<\/div>\n\t\t\t\t\t<\/div>\n\t\t<\/section>\n\t\t\t\t<\/div>","protected":false},"excerpt":{"rendered":"<p>Entegre Politikam\u0131z M\u00fc\u015fterilerimizin ihtiya\u00e7 ve beklentilerine uygun \u00fcr\u00fcnleri sunmak ve zaman\u0131nda teslim etmek. M\u00fc\u015fteri memnuniyetini ve kalitede s\u00fcreklili\u011fi sa\u011flamak. Ger\u00e7ekle\u015ftirdi\u011fimiz ve ger\u00e7ekle\u015ftirece\u011fimiz t\u00fcm projelerin sahadaki imalatlar\u0131nda ve idari birimlerde; \u00e7evrenin izolasyonunun sa\u011flanarak verilebilecek t\u00fcm zararlar\u0131n engellenmesi, \u00e7evre kirlili\u011fini kendi \u00fcst\u00fcm\u00fcze d\u00fc\u015fen \u00f6l\u00e7\u00fcde azaltmak, \u00e7evre bilincinde hareket ederek do\u011fal kaynaklar\u0131n muhafazas\u0131 ve maksimum geri d\u00f6n\u00fc\u015ft\u00fcr\u00fclebilirlik i\u00e7in &hellip; <br \/><a href=\"https:\/\/betakazan.com\/en\/company-policy\/\" class=\"more-link\">Continue reading <span class=\"screen-reader-text\">Company Policy<\/span><\/a><\/p>","protected":false},"author":1,"featured_media":0,"parent":0,"menu_order":0,"comment_status":"closed","ping_status":"closed","template":"elementor_canvas","meta":{"_joinchat":[],"footnotes":""},"class_list":["post-3376","page","type-page","status-publish","hentry"],"yoast_head":"<!-- This site is optimized with the Yoast SEO plugin v23.3 - https:\/\/yoast.com\/wordpress\/plugins\/seo\/ -->\n<title>Entegre Politikam\u0131z - BETA KAZAN<\/title>\n<meta name=\"robots\" content=\"index, follow, max-snippet:-1, max-image-preview:large, max-video-preview:-1\" \/>\n<link rel=\"canonical\" href=\"https:\/\/betakazan.com\/en\/company-policy\/\" \/>\n<meta property=\"og:locale\" content=\"en_GB\" \/>\n<meta property=\"og:type\" content=\"article\" \/>\n<meta property=\"og:title\" content=\"Entegre Politikam\u0131z - BETA KAZAN\" \/>\n<meta property=\"og:description\" content=\"Entegre Politikam\u0131z M\u00fc\u015fterilerimizin ihtiya\u00e7 ve beklentilerine uygun \u00fcr\u00fcnleri sunmak ve zaman\u0131nda teslim etmek. M\u00fc\u015fteri memnuniyetini ve kalitede s\u00fcreklili\u011fi sa\u011flamak. Ger\u00e7ekle\u015ftirdi\u011fimiz ve ger\u00e7ekle\u015ftirece\u011fimiz t\u00fcm projelerin sahadaki imalatlar\u0131nda ve idari birimlerde; \u00e7evrenin izolasyonunun sa\u011flanarak verilebilecek t\u00fcm zararlar\u0131n engellenmesi, \u00e7evre kirlili\u011fini kendi \u00fcst\u00fcm\u00fcze d\u00fc\u015fen \u00f6l\u00e7\u00fcde azaltmak, \u00e7evre bilincinde hareket ederek do\u011fal kaynaklar\u0131n muhafazas\u0131 ve maksimum geri d\u00f6n\u00fc\u015ft\u00fcr\u00fclebilirlik i\u00e7in &hellip; Continue reading Entegre Politikam\u0131z\" \/>\n<meta property=\"og:url\" content=\"https:\/\/betakazan.com\/en\/company-policy\/\" \/>\n<meta property=\"og:site_name\" content=\"BETA KAZAN\" \/>\n<meta property=\"article:modified_time\" content=\"2024-10-17T06:32:12+00:00\" \/>\n<meta name=\"twitter:card\" content=\"summary_large_image\" \/>\n<meta name=\"twitter:label1\" content=\"Estimated reading time\" \/>\n\t<meta name=\"twitter:data1\" content=\"2 minutes\" \/>\n<script type=\"application\/ld+json\" class=\"yoast-schema-graph\">{\"@context\":\"https:\/\/schema.org\",\"@graph\":[{\"@type\":\"WebPage\",\"@id\":\"https:\/\/betakazan.com\/company-policy\/\",\"url\":\"https:\/\/betakazan.com\/company-policy\/\",\"name\":\"Entegre Politikam\u0131z - BETA KAZAN\",\"isPartOf\":{\"@id\":\"https:\/\/betakazan.com\/#website\"},\"datePublished\":\"2024-10-11T12:43:18+00:00\",\"dateModified\":\"2024-10-17T06:32:12+00:00\",\"breadcrumb\":{\"@id\":\"https:\/\/betakazan.com\/company-policy\/#breadcrumb\"},\"inLanguage\":\"en-GB\",\"potentialAction\":[{\"@type\":\"ReadAction\",\"target\":[\"https:\/\/betakazan.com\/company-policy\/\"]}]},{\"@type\":\"BreadcrumbList\",\"@id\":\"https:\/\/betakazan.com\/company-policy\/#breadcrumb\",\"itemListElement\":[{\"@type\":\"ListItem\",\"position\":1,\"name\":\"Anasayfa\",\"item\":\"https:\/\/betakazan.com\/\"},{\"@type\":\"ListItem\",\"position\":2,\"name\":\"Entegre Politikam\u0131z\"}]},{\"@type\":\"WebSite\",\"@id\":\"https:\/\/betakazan.com\/#website\",\"url\":\"https:\/\/betakazan.com\/\",\"name\":\"BETA KAZAN\",\"description\":\"\",\"potentialAction\":[{\"@type\":\"SearchAction\",\"target\":{\"@type\":\"EntryPoint\",\"urlTemplate\":\"https:\/\/betakazan.com\/?s={search_term_string}\"},\"query-input\":\"required name=search_term_string\"}],\"inLanguage\":\"en-GB\"}]}<\/script>\n<!-- \/ Yoast SEO plugin. -->","yoast_head_json":{"title":"Entegre Politikam\u0131z - BETA KAZAN","robots":{"index":"index","follow":"follow","max-snippet":"max-snippet:-1","max-image-preview":"max-image-preview:large","max-video-preview":"max-video-preview:-1"},"canonical":"https:\/\/betakazan.com\/en\/company-policy\/","og_locale":"en_GB","og_type":"article","og_title":"Entegre Politikam\u0131z - BETA KAZAN","og_description":"Entegre Politikam\u0131z M\u00fc\u015fterilerimizin ihtiya\u00e7 ve beklentilerine uygun \u00fcr\u00fcnleri sunmak ve zaman\u0131nda teslim etmek. M\u00fc\u015fteri memnuniyetini ve kalitede s\u00fcreklili\u011fi sa\u011flamak. Ger\u00e7ekle\u015ftirdi\u011fimiz ve ger\u00e7ekle\u015ftirece\u011fimiz t\u00fcm projelerin sahadaki imalatlar\u0131nda ve idari birimlerde; \u00e7evrenin izolasyonunun sa\u011flanarak verilebilecek t\u00fcm zararlar\u0131n engellenmesi, \u00e7evre kirlili\u011fini kendi \u00fcst\u00fcm\u00fcze d\u00fc\u015fen \u00f6l\u00e7\u00fcde azaltmak, \u00e7evre bilincinde hareket ederek do\u011fal kaynaklar\u0131n muhafazas\u0131 ve maksimum geri d\u00f6n\u00fc\u015ft\u00fcr\u00fclebilirlik i\u00e7in &hellip; Continue reading Entegre Politikam\u0131z","og_url":"https:\/\/betakazan.com\/en\/company-policy\/","og_site_name":"BETA KAZAN","article_modified_time":"2024-10-17T06:32:12+00:00","twitter_card":"summary_large_image","twitter_misc":{"Estimated reading time":"2 minutes"},"schema":{"@context":"https:\/\/schema.org","@graph":[{"@type":"WebPage","@id":"https:\/\/betakazan.com\/company-policy\/","url":"https:\/\/betakazan.com\/company-policy\/","name":"Entegre Politikam\u0131z - BETA KAZAN","isPartOf":{"@id":"https:\/\/betakazan.com\/#website"},"datePublished":"2024-10-11T12:43:18+00:00","dateModified":"2024-10-17T06:32:12+00:00","breadcrumb":{"@id":"https:\/\/betakazan.com\/company-policy\/#breadcrumb"},"inLanguage":"en-GB","potentialAction":[{"@type":"ReadAction","target":["https:\/\/betakazan.com\/company-policy\/"]}]},{"@type":"BreadcrumbList","@id":"https:\/\/betakazan.com\/company-policy\/#breadcrumb","itemListElement":[{"@type":"ListItem","position":1,"name":"Anasayfa","item":"https:\/\/betakazan.com\/"},{"@type":"ListItem","position":2,"name":"Entegre Politikam\u0131z"}]},{"@type":"WebSite","@id":"https:\/\/betakazan.com\/#website","url":"https:\/\/betakazan.com\/","name":"BETA KAZAN","description":"","potentialAction":[{"@type":"SearchAction","target":{"@type":"EntryPoint","urlTemplate":"https:\/\/betakazan.com\/?s={search_term_string}"},"query-input":"required name=search_term_string"}],"inLanguage":"en-GB"}]}},"_links":{"self":[{"href":"https:\/\/betakazan.com\/en\/wp-json\/wp\/v2\/pages\/3376","targetHints":{"allow":["GET"]}}],"collection":[{"href":"https:\/\/betakazan.com\/en\/wp-json\/wp\/v2\/pages"}],"about":[{"href":"https:\/\/betakazan.com\/en\/wp-json\/wp\/v2\/types\/page"}],"author":[{"embeddable":true,"href":"https:\/\/betakazan.com\/en\/wp-json\/wp\/v2\/users\/1"}],"replies":[{"embeddable":true,"href":"https:\/\/betakazan.com\/en\/wp-json\/wp\/v2\/comments?post=3376"}],"version-history":[{"count":16,"href":"https:\/\/betakazan.com\/en\/wp-json\/wp\/v2\/pages\/3376\/revisions"}],"predecessor-version":[{"id":4140,"href":"https:\/\/betakazan.com\/en\/wp-json\/wp\/v2\/pages\/3376\/revisions\/4140"}],"wp:attachment":[{"href":"https:\/\/betakazan.com\/en\/wp-json\/wp\/v2\/media?parent=3376"}],"curies":[{"name":"wp","href":"https:\/\/api.w.org\/{rel}","templated":true}]}}